{"id":48,"date":"2021-08-09T10:26:50","date_gmt":"2021-08-09T08:26:50","guid":{"rendered":"http:\/\/serwer1689327.home.pl\/autoinstalator\/wordpress\/?page_id=48"},"modified":"2024-03-13T14:46:34","modified_gmt":"2024-03-13T13:46:34","slug":"lokalizacja","status":"publish","type":"page","link":"https:\/\/podfredra.pl\/index.php\/lokalizacja\/","title":{"rendered":"Lokalizacja"},"content":{"rendered":"\t\t<div data-elementor-type=\"wp-page\" data-elementor-id=\"48\" class=\"elementor elementor-48\" data-elementor-post-type=\"page\">\n\t\t\t\t\t\t<section data-particle_enable=\"false\" data-particle-mobile-disabled=\"false\" class=\"elementor-section elementor-top-section elementor-element elementor-element-59a640cc elementor-section-height-min-height elementor-section-boxed elementor-section-height-default elementor-section-items-middle\" data-id=\"59a640cc\" data-element_type=\"section\" data-e-type=\"section\" data-settings=\"{&quot;background_background&quot;:&quot;classic&quot;}\">\n\t\t\t\t\t\t<div class=\"elementor-container elementor-column-gap-default\">\n\t\t\t\t\t<div class=\"elementor-column elementor-col-100 elementor-top-column elementor-element elementor-element-6c6ebca1\" data-id=\"6c6ebca1\" data-element_type=\"column\" data-e-type=\"column\">\n\t\t\t<div class=\"elementor-widget-wrap\">\n\t\t\t\t\t\t\t<\/div>\n\t\t<\/div>\n\t\t\t\t\t<\/div>\n\t\t<\/section>\n\t\t\t\t<section data-particle_enable=\"false\" data-particle-mobile-disabled=\"false\" class=\"elementor-section elementor-top-section elementor-element elementor-element-3d859b77 elementor-section-full_width elementor-section-height-min-height elementor-section-height-default elementor-section-items-middle\" data-id=\"3d859b77\" data-element_type=\"section\" data-e-type=\"section\" data-settings=\"{&quot;background_background&quot;:&quot;classic&quot;}\">\n\t\t\t\t\t\t\t<div class=\"elementor-background-overlay\"><\/div>\n\t\t\t\t\t\t\t<div class=\"elementor-container elementor-column-gap-default\">\n\t\t\t\t\t<div class=\"elementor-column elementor-col-100 elementor-top-column elementor-element elementor-element-79292bae\" data-id=\"79292bae\" data-element_type=\"column\" data-e-type=\"column\">\n\t\t\t<div class=\"elementor-widget-wrap elementor-element-populated\">\n\t\t\t\t\t\t<div class=\"elementor-element elementor-element-1e8bc898 elementor-hidden-tablet elementor-hidden-mobile elementor-widget elementor-widget-spacer\" data-id=\"1e8bc898\" data-element_type=\"widget\" data-e-type=\"widget\" data-widget_type=\"spacer.default\">\n\t\t\t\t<div class=\"elementor-widget-container\">\n\t\t\t\t\t\t\t<div class=\"elementor-spacer\">\n\t\t\t<div class=\"elementor-spacer-inner\"><\/div>\n\t\t<\/div>\n\t\t\t\t\t\t<\/div>\n\t\t\t\t<\/div>\n\t\t\t\t<div class=\"elementor-element elementor-element-5c16ae75 elementor-widget elementor-widget-image\" data-id=\"5c16ae75\" data-element_type=\"widget\" data-e-type=\"widget\" data-widget_type=\"image.default\">\n\t\t\t\t<div class=\"elementor-widget-container\">\n\t\t\t\t\t\t\t\t\t\t\t\t\t\t\t<img decoding=\"async\" width=\"400\" height=\"78\" src=\"https:\/\/podfredra.pl\/wp-content\/uploads\/2021\/10\/DekorPodFredraBordo1.png\" class=\"attachment-large size-large wp-image-1526\" alt=\"\" srcset=\"https:\/\/podfredra.pl\/wp-content\/uploads\/2021\/10\/DekorPodFredraBordo1.png 400w, https:\/\/podfredra.pl\/wp-content\/uploads\/2021\/10\/DekorPodFredraBordo1-300x59.png 300w\" sizes=\"(max-width: 400px) 100vw, 400px\" \/>\t\t\t\t\t\t\t\t\t\t\t\t\t\t\t<\/div>\n\t\t\t\t<\/div>\n\t\t\t\t<div class=\"elementor-element elementor-element-795defeb elementor-widget elementor-widget-spacer\" data-id=\"795defeb\" data-element_type=\"widget\" data-e-type=\"widget\" data-widget_type=\"spacer.default\">\n\t\t\t\t<div class=\"elementor-widget-container\">\n\t\t\t\t\t\t\t<div class=\"elementor-spacer\">\n\t\t\t<div class=\"elementor-spacer-inner\"><\/div>\n\t\t<\/div>\n\t\t\t\t\t\t<\/div>\n\t\t\t\t<\/div>\n\t\t\t\t<section data-particle_enable=\"false\" data-particle-mobile-disabled=\"false\" class=\"elementor-section elementor-inner-section elementor-element elementor-element-788bf876 elementor-section-boxed elementor-section-height-default elementor-section-height-default\" data-id=\"788bf876\" data-element_type=\"section\" data-e-type=\"section\">\n\t\t\t\t\t\t<div class=\"elementor-container elementor-column-gap-default\">\n\t\t\t\t\t<div class=\"elementor-column elementor-col-50 elementor-inner-column elementor-element elementor-element-27f12300\" data-id=\"27f12300\" data-element_type=\"column\" data-e-type=\"column\">\n\t\t\t<div class=\"elementor-widget-wrap elementor-element-populated\">\n\t\t\t\t\t\t<div class=\"elementor-element elementor-element-65b19020 elementor-invisible elementor-widget elementor-widget-heading\" data-id=\"65b19020\" data-element_type=\"widget\" data-e-type=\"widget\" data-settings=\"{&quot;_animation&quot;:&quot;fadeIn&quot;}\" data-widget_type=\"heading.default\">\n\t\t\t\t<div class=\"elementor-widget-container\">\n\t\t\t\t\t<h2 class=\"elementor-heading-title elementor-size-default\">Lokalizacja<\/h2>\t\t\t\t<\/div>\n\t\t\t\t<\/div>\n\t\t\t\t<div class=\"elementor-element elementor-element-7cfd68ae elementor-widget elementor-widget-text-editor\" data-id=\"7cfd68ae\" data-element_type=\"widget\" data-e-type=\"widget\" data-widget_type=\"text-editor.default\">\n\t\t\t\t<div class=\"elementor-widget-container\">\n\t\t\t\t\t\t\t\t\t<p>Restauracja &#8222;Pod Fredr\u0105&#8221; mie\u015bci si\u0119 w sercu Wroc\u0142awia w budynku <strong>b\u0119d\u0105cym cz\u0119\u015bci\u0105 zabytkowego Ratusza<\/strong>, dok\u0142adnie naprzeciwko przywiezionego ze Lwowa pomnika Aleksandra Fredry<\/p><p><strong>Rynek &#8211; Ratusz 1, 50-106 Wroc\u0142aw<\/strong><\/p>\t\t\t\t\t\t\t\t<\/div>\n\t\t\t\t<\/div>\n\t\t\t\t<div class=\"elementor-element elementor-element-704e93d elementor-widget elementor-widget-image\" data-id=\"704e93d\" data-element_type=\"widget\" data-e-type=\"widget\" data-widget_type=\"image.default\">\n\t\t\t\t<div class=\"elementor-widget-container\">\n\t\t\t\t\t\t\t\t\t\t\t\t\t\t\t\t<a href=\"https:\/\/serwer1689327.home.pl\/autoinstalator\/wordpress\/wp-content\/uploads\/2021\/10\/PodFredraZdjecie4.jpg\" data-elementor-open-lightbox=\"yes\" data-elementor-lightbox-title=\"Old style wooden golden Painting frame\" data-e-action-hash=\"#elementor-action%3Aaction%3Dlightbox%26settings%3DeyJpZCI6MTYxNCwidXJsIjoiaHR0cHM6XC9cL3BvZGZyZWRyYS5wbFwvd3AtY29udGVudFwvdXBsb2Fkc1wvMjAyMVwvMTBcL1BvZEZyZWRyYVpkamVjaWU0LmpwZyJ9\">\n\t\t\t\t\t\t\t<img fetchpriority=\"high\" decoding=\"async\" width=\"1024\" height=\"800\" src=\"https:\/\/podfredra.pl\/wp-content\/uploads\/2021\/10\/PodFredraZdjecie4-1024x800.jpg\" class=\"attachment-large size-large wp-image-1614\" alt=\"\" srcset=\"https:\/\/podfredra.pl\/wp-content\/uploads\/2021\/10\/PodFredraZdjecie4-1024x800.jpg 1024w, https:\/\/podfredra.pl\/wp-content\/uploads\/2021\/10\/PodFredraZdjecie4-300x234.jpg 300w, https:\/\/podfredra.pl\/wp-content\/uploads\/2021\/10\/PodFredraZdjecie4-768x600.jpg 768w, https:\/\/podfredra.pl\/wp-content\/uploads\/2021\/10\/PodFredraZdjecie4-1536x1200.jpg 1536w, https:\/\/podfredra.pl\/wp-content\/uploads\/2021\/10\/PodFredraZdjecie4-2048x1599.jpg 2048w\" sizes=\"(max-width: 1024px) 100vw, 1024px\" \/>\t\t\t\t\t\t\t\t<\/a>\n\t\t\t\t\t\t\t\t\t\t\t\t\t\t\t<\/div>\n\t\t\t\t<\/div>\n\t\t\t\t\t<\/div>\n\t\t<\/div>\n\t\t\t\t<div class=\"elementor-column elementor-col-50 elementor-inner-column elementor-element elementor-element-2fa694c7\" data-id=\"2fa694c7\" data-element_type=\"column\" data-e-type=\"column\">\n\t\t\t<div class=\"elementor-widget-wrap elementor-element-populated\">\n\t\t\t\t\t\t<div class=\"elementor-element elementor-element-954f4f0 elementor-widget elementor-widget-image\" data-id=\"954f4f0\" data-element_type=\"widget\" data-e-type=\"widget\" data-widget_type=\"image.default\">\n\t\t\t\t<div class=\"elementor-widget-container\">\n\t\t\t\t\t\t\t\t\t\t\t\t\t\t\t<img decoding=\"async\" width=\"1024\" height=\"889\" src=\"https:\/\/podfredra.pl\/wp-content\/uploads\/2021\/10\/podfredra2Zasob-2@4x-1024x889.png\" class=\"attachment-large size-large wp-image-1869\" alt=\"\" srcset=\"https:\/\/podfredra.pl\/wp-content\/uploads\/2021\/10\/podfredra2Zasob-2@4x-1024x889.png 1024w, https:\/\/podfredra.pl\/wp-content\/uploads\/2021\/10\/podfredra2Zasob-2@4x-300x260.png 300w, https:\/\/podfredra.pl\/wp-content\/uploads\/2021\/10\/podfredra2Zasob-2@4x-768x667.png 768w, https:\/\/podfredra.pl\/wp-content\/uploads\/2021\/10\/podfredra2Zasob-2@4x-1536x1333.png 1536w, https:\/\/podfredra.pl\/wp-content\/uploads\/2021\/10\/podfredra2Zasob-2@4x-2048x1778.png 2048w\" sizes=\"(max-width: 1024px) 100vw, 1024px\" \/>\t\t\t\t\t\t\t\t\t\t\t\t\t\t\t<\/div>\n\t\t\t\t<\/div>\n\t\t\t\t<div class=\"elementor-element elementor-element-1cc6f57 elementor-widget elementor-widget-spacer\" data-id=\"1cc6f57\" data-element_type=\"widget\" data-e-type=\"widget\" data-widget_type=\"spacer.default\">\n\t\t\t\t<div class=\"elementor-widget-container\">\n\t\t\t\t\t\t\t<div class=\"elementor-spacer\">\n\t\t\t<div class=\"elementor-spacer-inner\"><\/div>\n\t\t<\/div>\n\t\t\t\t\t\t<\/div>\n\t\t\t\t<\/div>\n\t\t\t\t\t<\/div>\n\t\t<\/div>\n\t\t\t\t\t<\/div>\n\t\t<\/section>\n\t\t\t\t<section data-particle_enable=\"false\" data-particle-mobile-disabled=\"false\" class=\"elementor-section elementor-inner-section elementor-element elementor-element-f860e27 elementor-section-boxed elementor-section-height-default elementor-section-height-default\" data-id=\"f860e27\" data-element_type=\"section\" data-e-type=\"section\">\n\t\t\t\t\t\t<div class=\"elementor-container elementor-column-gap-default\">\n\t\t\t\t\t<div class=\"elementor-column elementor-col-100 elementor-inner-column elementor-element elementor-element-f68cfa6\" data-id=\"f68cfa6\" data-element_type=\"column\" data-e-type=\"column\">\n\t\t\t<div class=\"elementor-widget-wrap elementor-element-populated\">\n\t\t\t\t\t\t<div class=\"elementor-element elementor-element-cfdce12 elementor-widget elementor-widget-google_maps\" data-id=\"cfdce12\" data-element_type=\"widget\" data-e-type=\"widget\" data-widget_type=\"google_maps.default\">\n\t\t\t\t<div class=\"elementor-widget-container\">\n\t\t\t\t\t\t\t<div class=\"elementor-custom-embed\">\n\t\t\t<iframe loading=\"lazy\"\n\t\t\t\t\tsrc=\"https:\/\/maps.google.com\/maps?q=Pod%20Fredr%C4%85%2C%20Wroc%C5%82aw&#038;t=m&#038;z=16&#038;output=embed&#038;iwloc=near\"\n\t\t\t\t\ttitle=\"Pod Fredr\u0105, Wroc\u0142aw\"\n\t\t\t\t\taria-label=\"Pod Fredr\u0105, Wroc\u0142aw\"\n\t\t\t><\/iframe>\n\t\t<\/div>\n\t\t\t\t\t\t<\/div>\n\t\t\t\t<\/div>\n\t\t\t\t\t<\/div>\n\t\t<\/div>\n\t\t\t\t\t<\/div>\n\t\t<\/section>\n\t\t\t\t\t<\/div>\n\t\t<\/div>\n\t\t\t\t\t<\/div>\n\t\t<\/section>\n\t\t\t\t<\/div>\n\t\t","protected":false},"excerpt":{"rendered":"<p>Lokalizacja Restauracja &#8222;Pod Fredr\u0105&#8221; mie\u015bci si\u0119 w sercu Wroc\u0142awia w budynku b\u0119d\u0105cym cz\u0119\u015bci\u0105 zabytkowego Ratusza, dok\u0142adnie naprzeciwko przywiezionego ze Lwowa pomnika Aleksandra Fredry Rynek &#8211; Ratusz 1, 50-106 Wroc\u0142aw<\/p>\n","protected":false},"author":1,"featured_media":0,"parent":0,"menu_order":0,"comment_status":"closed","ping_status":"closed","template":"","meta":{"site-sidebar-layout":"no-sidebar","site-content-layout":"page-builder","ast-site-content-layout":"default","site-content-style":"default","site-sidebar-style":"default","ast-global-header-display":"","ast-banner-title-visibility":"","ast-main-header-display":"disabled","ast-hfb-above-header-display":"","ast-hfb-below-header-display":"","ast-hfb-mobile-header-display":"disabled","site-post-title":"disabled","ast-breadcrumbs-content":"disabled","ast-featured-img":"disabled","footer-sml-layout":"disabled","ast-disable-related-posts":"","theme-transparent-header-meta":"default","adv-header-id-meta":"","stick-header-meta":"","header-above-stick-meta":"","header-main-stick-meta":"","header-below-stick-meta":"","astra-migrate-meta-layouts":"default","ast-page-background-enabled":"default","ast-page-background-meta":{"desktop":{"background-color":"var(--ast-global-color-4)","background-image":"","background-repeat":"repeat","background-position":"center center","background-size":"auto","background-attachment":"scroll","background-type":"","background-media":"","overlay-type":"","overlay-color":"","overlay-opacity":"","overlay-gradient":""},"tablet":{"background-color":"","background-image":"","background-repeat":"repeat","background-position":"center center","background-size":"auto","background-attachment":"scroll","background-type":"","background-media":"","overlay-type":"","overlay-color":"","overlay-opacity":"","overlay-gradient":""},"mobile":{"background-color":"","background-image":"","background-repeat":"repeat","background-position":"center center","background-size":"auto","background-attachment":"scroll","background-type":"","background-media":"","overlay-type":"","overlay-color":"","overlay-opacity":"","overlay-gradient":""}},"ast-content-background-meta":{"desktop":{"background-color":"var(--ast-global-color-5)","background-image":"","background-repeat":"repeat","background-position":"center center","background-size":"auto","background-attachment":"scroll","background-type":"","background-media":"","overlay-type":"","overlay-color":"","overlay-opacity":"","overlay-gradient":""},"tablet":{"background-color":"var(--ast-global-color-5)","background-image":"","background-repeat":"repeat","background-position":"center center","background-size":"auto","background-attachment":"scroll","background-type":"","background-media":"","overlay-type":"","overlay-color":"","overlay-opacity":"","overlay-gradient":""},"mobile":{"background-color":"var(--ast-global-color-5)","background-image":"","background-repeat":"repeat","background-position":"center center","background-size":"auto","background-attachment":"scroll","background-type":"","background-media":"","overlay-type":"","overlay-color":"","overlay-opacity":"","overlay-gradient":""}},"footnotes":""},"class_list":["post-48","page","type-page","status-publish","hentry"],"yoast_head":"<!-- This site is optimized with the Yoast SEO plugin v27.3 - https:\/\/yoast.com\/product\/yoast-seo-wordpress\/ -->\n<title>Lokalizacja - Pod Fredr\u0105<\/title>\n<meta name=\"robots\" content=\"index, follow, max-snippet:-1, max-image-preview:large, max-video-preview:-1\" \/>\n<link rel=\"canonical\" href=\"https:\/\/podfredra.pl\/index.php\/lokalizacja\/\" \/>\n<meta property=\"og:locale\" content=\"pl_PL\" \/>\n<meta property=\"og:type\" content=\"article\" \/>\n<meta property=\"og:title\" content=\"Lokalizacja - Pod Fredr\u0105\" \/>\n<meta property=\"og:description\" content=\"Lokalizacja Restauracja &#8222;Pod Fredr\u0105&#8221; mie\u015bci si\u0119 w sercu Wroc\u0142awia w budynku b\u0119d\u0105cym cz\u0119\u015bci\u0105 zabytkowego Ratusza, dok\u0142adnie naprzeciwko przywiezionego ze Lwowa pomnika Aleksandra Fredry Rynek &#8211; Ratusz 1, 50-106 Wroc\u0142aw\" \/>\n<meta property=\"og:url\" content=\"https:\/\/podfredra.pl\/index.php\/lokalizacja\/\" \/>\n<meta property=\"og:site_name\" content=\"Pod Fredr\u0105\" \/>\n<meta property=\"article:modified_time\" content=\"2024-03-13T13:46:34+00:00\" \/>\n<meta property=\"og:image\" content=\"https:\/\/podfredra.pl\/wp-content\/uploads\/2021\/10\/DekorPodFredraBordo1.png\" \/>\n<meta name=\"twitter:card\" content=\"summary_large_image\" \/>\n<meta name=\"twitter:label1\" content=\"Szacowany czas czytania\" \/>\n\t<meta name=\"twitter:data1\" content=\"1 minuta\" \/>\n<script type=\"application\/ld+json\" class=\"yoast-schema-graph\">{\"@context\":\"https:\\\/\\\/schema.org\",\"@graph\":[{\"@type\":\"WebPage\",\"@id\":\"https:\\\/\\\/podfredra.pl\\\/index.php\\\/lokalizacja\\\/\",\"url\":\"https:\\\/\\\/podfredra.pl\\\/index.php\\\/lokalizacja\\\/\",\"name\":\"Lokalizacja - Pod Fredr\u0105\",\"isPartOf\":{\"@id\":\"https:\\\/\\\/podfredra.pl\\\/#website\"},\"primaryImageOfPage\":{\"@id\":\"https:\\\/\\\/podfredra.pl\\\/index.php\\\/lokalizacja\\\/#primaryimage\"},\"image\":{\"@id\":\"https:\\\/\\\/podfredra.pl\\\/index.php\\\/lokalizacja\\\/#primaryimage\"},\"thumbnailUrl\":\"https:\\\/\\\/podfredra.pl\\\/wp-content\\\/uploads\\\/2021\\\/10\\\/DekorPodFredraBordo1.png\",\"datePublished\":\"2021-08-09T08:26:50+00:00\",\"dateModified\":\"2024-03-13T13:46:34+00:00\",\"breadcrumb\":{\"@id\":\"https:\\\/\\\/podfredra.pl\\\/index.php\\\/lokalizacja\\\/#breadcrumb\"},\"inLanguage\":\"pl-PL\",\"potentialAction\":[{\"@type\":\"ReadAction\",\"target\":[\"https:\\\/\\\/podfredra.pl\\\/index.php\\\/lokalizacja\\\/\"]}]},{\"@type\":\"ImageObject\",\"inLanguage\":\"pl-PL\",\"@id\":\"https:\\\/\\\/podfredra.pl\\\/index.php\\\/lokalizacja\\\/#primaryimage\",\"url\":\"https:\\\/\\\/podfredra.pl\\\/wp-content\\\/uploads\\\/2021\\\/10\\\/DekorPodFredraBordo1.png\",\"contentUrl\":\"https:\\\/\\\/podfredra.pl\\\/wp-content\\\/uploads\\\/2021\\\/10\\\/DekorPodFredraBordo1.png\",\"width\":400,\"height\":78},{\"@type\":\"BreadcrumbList\",\"@id\":\"https:\\\/\\\/podfredra.pl\\\/index.php\\\/lokalizacja\\\/#breadcrumb\",\"itemListElement\":[{\"@type\":\"ListItem\",\"position\":1,\"name\":\"Strona g\u0142\u00f3wna\",\"item\":\"https:\\\/\\\/podfredra.pl\\\/\"},{\"@type\":\"ListItem\",\"position\":2,\"name\":\"Lokalizacja\"}]},{\"@type\":\"WebSite\",\"@id\":\"https:\\\/\\\/podfredra.pl\\\/#website\",\"url\":\"https:\\\/\\\/podfredra.pl\\\/\",\"name\":\"Pod Fredr\u0105\",\"description\":\"Restauracja\",\"potentialAction\":[{\"@type\":\"SearchAction\",\"target\":{\"@type\":\"EntryPoint\",\"urlTemplate\":\"https:\\\/\\\/podfredra.pl\\\/?s={search_term_string}\"},\"query-input\":{\"@type\":\"PropertyValueSpecification\",\"valueRequired\":true,\"valueName\":\"search_term_string\"}}],\"inLanguage\":\"pl-PL\"}]}<\/script>\n<!-- \/ Yoast SEO plugin. -->","yoast_head_json":{"title":"Lokalizacja - Pod Fredr\u0105","robots":{"index":"index","follow":"follow","max-snippet":"max-snippet:-1","max-image-preview":"max-image-preview:large","max-video-preview":"max-video-preview:-1"},"canonical":"https:\/\/podfredra.pl\/index.php\/lokalizacja\/","og_locale":"pl_PL","og_type":"article","og_title":"Lokalizacja - Pod Fredr\u0105","og_description":"Lokalizacja Restauracja &#8222;Pod Fredr\u0105&#8221; mie\u015bci si\u0119 w sercu Wroc\u0142awia w budynku b\u0119d\u0105cym cz\u0119\u015bci\u0105 zabytkowego Ratusza, dok\u0142adnie naprzeciwko przywiezionego ze Lwowa pomnika Aleksandra Fredry Rynek &#8211; Ratusz 1, 50-106 Wroc\u0142aw","og_url":"https:\/\/podfredra.pl\/index.php\/lokalizacja\/","og_site_name":"Pod Fredr\u0105","article_modified_time":"2024-03-13T13:46:34+00:00","og_image":[{"url":"https:\/\/podfredra.pl\/wp-content\/uploads\/2021\/10\/DekorPodFredraBordo1.png","type":"","width":"","height":""}],"twitter_card":"summary_large_image","twitter_misc":{"Szacowany czas czytania":"1 minuta"},"schema":{"@context":"https:\/\/schema.org","@graph":[{"@type":"WebPage","@id":"https:\/\/podfredra.pl\/index.php\/lokalizacja\/","url":"https:\/\/podfredra.pl\/index.php\/lokalizacja\/","name":"Lokalizacja - Pod Fredr\u0105","isPartOf":{"@id":"https:\/\/podfredra.pl\/#website"},"primaryImageOfPage":{"@id":"https:\/\/podfredra.pl\/index.php\/lokalizacja\/#primaryimage"},"image":{"@id":"https:\/\/podfredra.pl\/index.php\/lokalizacja\/#primaryimage"},"thumbnailUrl":"https:\/\/podfredra.pl\/wp-content\/uploads\/2021\/10\/DekorPodFredraBordo1.png","datePublished":"2021-08-09T08:26:50+00:00","dateModified":"2024-03-13T13:46:34+00:00","breadcrumb":{"@id":"https:\/\/podfredra.pl\/index.php\/lokalizacja\/#breadcrumb"},"inLanguage":"pl-PL","potentialAction":[{"@type":"ReadAction","target":["https:\/\/podfredra.pl\/index.php\/lokalizacja\/"]}]},{"@type":"ImageObject","inLanguage":"pl-PL","@id":"https:\/\/podfredra.pl\/index.php\/lokalizacja\/#primaryimage","url":"https:\/\/podfredra.pl\/wp-content\/uploads\/2021\/10\/DekorPodFredraBordo1.png","contentUrl":"https:\/\/podfredra.pl\/wp-content\/uploads\/2021\/10\/DekorPodFredraBordo1.png","width":400,"height":78},{"@type":"BreadcrumbList","@id":"https:\/\/podfredra.pl\/index.php\/lokalizacja\/#breadcrumb","itemListElement":[{"@type":"ListItem","position":1,"name":"Strona g\u0142\u00f3wna","item":"https:\/\/podfredra.pl\/"},{"@type":"ListItem","position":2,"name":"Lokalizacja"}]},{"@type":"WebSite","@id":"https:\/\/podfredra.pl\/#website","url":"https:\/\/podfredra.pl\/","name":"Pod Fredr\u0105","description":"Restauracja","potentialAction":[{"@type":"SearchAction","target":{"@type":"EntryPoint","urlTemplate":"https:\/\/podfredra.pl\/?s={search_term_string}"},"query-input":{"@type":"PropertyValueSpecification","valueRequired":true,"valueName":"search_term_string"}}],"inLanguage":"pl-PL"}]}},"_links":{"self":[{"href":"https:\/\/podfredra.pl\/index.php\/wp-json\/wp\/v2\/pages\/48","targetHints":{"allow":["GET"]}}],"collection":[{"href":"https:\/\/podfredra.pl\/index.php\/wp-json\/wp\/v2\/pages"}],"about":[{"href":"https:\/\/podfredra.pl\/index.php\/wp-json\/wp\/v2\/types\/page"}],"author":[{"embeddable":true,"href":"https:\/\/podfredra.pl\/index.php\/wp-json\/wp\/v2\/users\/1"}],"replies":[{"embeddable":true,"href":"https:\/\/podfredra.pl\/index.php\/wp-json\/wp\/v2\/comments?post=48"}],"version-history":[{"count":0,"href":"https:\/\/podfredra.pl\/index.php\/wp-json\/wp\/v2\/pages\/48\/revisions"}],"wp:attachment":[{"href":"https:\/\/podfredra.pl\/index.php\/wp-json\/wp\/v2\/media?parent=48"}],"curies":[{"name":"wp","href":"https:\/\/api.w.org\/{rel}","templated":true}]}}